{"id":3,"date":"2023-01-02T23:02:25","date_gmt":"2023-01-02T22:02:25","guid":{"rendered":"http:\/\/q2.qdarc.pl\/?page_id=3"},"modified":"2026-01-02T14:33:55","modified_gmt":"2026-01-02T13:33:55","slug":"polityka-prywatnosci","status":"publish","type":"page","link":"https:\/\/kraa-kraa.com\/en\/polityka-prywatnosci\/","title":{"rendered":"Polityka prywatno\u015bci"},"content":{"rendered":"<div data-elementor-type=\"wp-page\" data-elementor-id=\"3\" class=\"elementor elementor-3\">\n\t\t\t\t\t\t<section class=\"elementor-section elementor-top-section elementor-element elementor-element-44b1a252 elementor-section-boxed elementor-section-height-default elementor-section-height-default\" data-id=\"44b1a252\" data-element_type=\"section\" data-settings=\"{&quot;background_background&quot;:&quot;classic&quot;}\">\n\t\t\t\t\t\t<div class=\"elementor-container elementor-column-gap-default\">\n\t\t\t\t\t<div class=\"elementor-column elementor-col-100 elementor-top-column elementor-element elementor-element-33284fe2\" data-id=\"33284fe2\" data-element_type=\"column\">\n\t\t\t<div class=\"elementor-widget-wrap elementor-element-populated\">\n\t\t\t\t\t\t<div class=\"elementor-element elementor-element-6bfc354d elementor-widget elementor-widget-text-editor\" data-id=\"6bfc354d\" data-element_type=\"widget\" data-widget_type=\"text-editor.default\">\n\t\t\t\t<div class=\"elementor-widget-container\">\n\t\t\t\t\t\t\t<!-- wp:heading -->\n<h2>Polityka prywatno\u015bci<\/h2>\n<h2>\u00a0<\/h2>\n<h2>Kim jeste\u015bmy<\/h2>\n<!-- \/wp:heading --><!-- wp:paragraph -->\n<p>Adres naszej strony internetowej to: kraa-kraa.com.<\/p>\n<!-- \/wp:paragraph --><!-- wp:heading --><!-- \/wp:paragraph --><!-- wp:heading -->\n<h2>Media<\/h2>\n<!-- \/wp:heading --><!-- wp:paragraph -->\n<p><strong class=\"privacy-policy-tutorial\">Sugerowany tekst: <\/strong>Je\u015bli jeste\u015b zarejestrowanym u\u017cytkownikiem i wgrywasz na witryn\u0119 obrazki, powiniene\u015b unika\u0107 przesy\u0142ania obrazk\u00f3w z tagami EXIF lokalizacji. Odwiedzaj\u0105cy stron\u0119 mog\u0105 pobra\u0107 i odczyta\u0107 pe\u0142ne dane lokalizacyjne z obrazk\u00f3w w witrynie.<\/p>\n<!-- \/wp:paragraph --><!-- wp:heading -->\n<h2>Ciasteczka<\/h2>\n<!-- \/wp:heading --><!-- wp:paragraph -->\n<p><strong class=\"privacy-policy-tutorial\">Sugerowany tekst: <\/strong>Je\u015bli skomentujesz co\u015b w witrynie, b\u0119dzie mo\u017cna wybra\u0107 opcj\u0119 zapisu nazwy, adresu e-mail i witryny internetowej w ciasteczkach, dzi\u0119ki kt\u00f3rym podczas pisania kolejnych komentarzy powy\u017csze informacje b\u0119d\u0105 ju\u017c dogodnie uzupe\u0142nione. Ciasteczka wygasaj\u0105 po roku.<\/p>\n<!-- \/wp:paragraph --><!-- wp:paragraph -->\n<p>Je\u015bli odwiedzisz stron\u0119 logowania, utworzymy tymczasowe ciasteczko na potrzeby sprawdzenia czy twoja przegl\u0105darka akceptuje ciasteczka. Nie zawiera ono \u017cadnych danych osobistych i zostanie usuni\u0119te, kiedy przegl\u0105darka zostanie zamkni\u0119ta.<\/p>\n<!-- \/wp:paragraph --><!-- wp:paragraph -->\n<p>Podczas logowania tworzymy dodatkowo kilka ciasteczek potrzebnych do zapisu twoich informacji logowania oraz wybranych opcji ekranu. Ciasteczka logowania wygasaj\u0105 po dw\u00f3ch dniach, a opcji ekranu po roku. Je\u015bli zaznaczysz opcj\u0119 \u201ePami\u0119taj mnie\u201d, logowanie wyga\u015bnie po dw\u00f3ch tygodniach. Je\u015bli wylogujesz si\u0119 ze swojego konta, ciasteczka logowania zostan\u0105 usuni\u0119te.<\/p>\n<!-- \/wp:paragraph --><!-- wp:paragraph -->\n<p>Je\u015bli zmodyfikujesz albo opublikujesz artyku\u0142, w twojej przegl\u0105darce zostanie zapisane dodatkowe ciasteczko. To ciasteczko nie zawiera \u017cadnych danych osobistych, wskazuj\u0105c po prostu na identyfikator przed chwil\u0105 edytowanego artyku\u0142u. Wygasa ono po 1 dniu.<\/p>\n<!-- \/wp:paragraph --><!-- wp:heading -->\n<h2>Osadzone tre\u015bci z innych witryn<\/h2>\n<!-- \/wp:heading --><!-- wp:paragraph -->\n<p><strong class=\"privacy-policy-tutorial\">Sugerowany tekst: <\/strong>Artyku\u0142y na tej witrynie mog\u0105 zawiera\u0107 osadzone tre\u015bci (np. filmy, obrazki, artyku\u0142y itp.). Osadzone tre\u015bci z innych witryn zachowuj\u0105 si\u0119 analogicznie do tego, jakby u\u017cytkownik odwiedzi\u0142 bezpo\u015brednio konkretn\u0105 witryn\u0119.<\/p>\n<!-- \/wp:paragraph --><!-- wp:paragraph -->\n<p>Witryny mog\u0105 zbiera\u0107 informacje o tobie, u\u017cywa\u0107 ciasteczek, do\u0142\u0105cza\u0107 dodatkowe, zewn\u0119trzne systemy \u015bledzenia i monitorowa\u0107 twoje interakcje z osadzonym materia\u0142em, w\u0142\u0105czaj\u0105c w to \u015bledzenie twoich interakcji z osadzonym materia\u0142em je\u015bli posiadasz konto i jeste\u015b zalogowany w tamtej witrynie.<\/p>\n<!-- \/wp:paragraph --><!-- wp:heading -->\n<h2>Z kim dzielimy si\u0119 danymi<\/h2>\n<!-- \/wp:heading --><!-- wp:paragraph -->\n<p><strong class=\"privacy-policy-tutorial\">Sugerowany tekst: <\/strong>Je\u015bli za\u017c\u0105dasz zresetowania has\u0142a, tw\u00f3j adres IP zostanie do\u0142\u0105czony do wysy\u0142anej wiadomo\u015bci.<\/p>\n<!-- \/wp:paragraph --><!-- wp:heading -->\n<h2>Jak d\u0142ugo przechowujemy twoje dane<\/h2>\n<!-- \/wp:heading --><!-- wp:paragraph -->\n<p><strong class=\"privacy-policy-tutorial\">Sugerowany tekst: <\/strong>Je\u015bli zostawisz komentarz, jego tre\u015b\u0107 i metadane b\u0119d\u0105 przechowywane przez czas nieokre\u015blony. Dzi\u0119ki temu jeste\u015bmy w stanie rozpoznawa\u0107 i zatwierdza\u0107 kolejne komentarze automatycznie, bez wysy\u0142ania ich do ka\u017cdorazowej moderacji.<\/p>\n<!-- \/wp:paragraph --><!-- wp:paragraph -->\n<p>Dla u\u017cytkownik\u00f3w kt\u00f3rzy zarejestrowali si\u0119 na naszej stronie internetowej (je\u015bli tacy s\u0105), przechowujemy r\u00f3wnie\u017c informacje osobiste wprowadzone w profilu. Ka\u017cdy u\u017cytkownik mo\u017ce dokona\u0107 wgl\u0105du, korekty albo skasowa\u0107 swoje informacje osobiste w dowolnej chwili (nie licz\u0105c nazwy u\u017cytkownika, kt\u00f3rej nie mo\u017cna zmieni\u0107). Administratorzy strony r\u00f3wnie\u017c mog\u0105 przegl\u0105da\u0107 i modyfikowa\u0107 te informacje.<\/p>\n<!-- \/wp:paragraph --><!-- wp:heading -->\n<h2>Jakie masz prawa do swoich danych<\/h2>\n<!-- \/wp:heading --><!-- wp:paragraph -->\n<p><strong class=\"privacy-policy-tutorial\">Sugerowany tekst: <\/strong>Je\u015bli masz konto u\u017cytkownika albo doda\u0142e\u015b komentarze w tej witrynie, mo\u017cesz za\u017c\u0105da\u0107 dostarczenia pliku z wyeksportowanym kompletem twoich danych osobistych b\u0119d\u0105cych w naszym posiadaniu, w tym ca\u0142o\u015b\u0107 tych dostarczonych przez ciebie. Mo\u017cesz r\u00f3wnie\u017c za\u017c\u0105da\u0107 usuni\u0119cia przez nas ca\u0142o\u015bci twoich danych osobistych w naszym posiadaniu. Nie dotyczy to \u017cadnych danych kt\u00f3re jeste\u015bmy zobligowani zachowa\u0107 ze wzgl\u0119d\u00f3w administracyjnych, prawnych albo bezpiecze\u0144stwa.<\/p>\n<!-- \/wp:paragraph --><!-- wp:heading -->\n<h2>Gdzie wys\u0142amy twoje dane<\/h2>\n<!-- \/wp:heading --><!-- wp:paragraph -->\n<p><strong class=\"privacy-policy-tutorial\">Sugerowany tekst: <\/strong>Komentarze go\u015bci mog\u0105 by\u0107 sprawdzane za pomoc\u0105 automatycznej us\u0142ugi wykrywania spamu.<\/p>\n<!-- \/wp:paragraph -->\t\t\t\t\t\t<\/div>\n\t\t\t\t<\/div>\n\t\t\t\t\t<\/div>\n\t\t<\/div>\n\t\t\t\t\t<\/div>\n\t\t<\/section>\n\t\t\t\t<\/div>","protected":false},"excerpt":{"rendered":"<p>Polityka prywatno\u015bci \u00a0 Kim jeste\u015bmy Adres naszej strony internetowej to: kraa-kraa.com. Media Sugerowany tekst: Je\u015bli jeste\u015b zarejestrowanym u\u017cytkownikiem i wgrywasz na witryn\u0119 obrazki, powiniene\u015b unika\u0107 przesy\u0142ania obrazk\u00f3w z tagami EXIF lokalizacji. Odwiedzaj\u0105cy stron\u0119 mog\u0105 pobra\u0107 i odczyta\u0107 pe\u0142ne dane lokalizacyjne z obrazk\u00f3w w witrynie. Ciasteczka Sugerowany tekst: Je\u015bli skomentujesz co\u015b w witrynie, b\u0119dzie mo\u017cna wybra\u0107 [&hellip;]<\/p>","protected":false},"author":1,"featured_media":0,"parent":0,"menu_order":0,"comment_status":"closed","ping_status":"open","template":"","meta":{"footnotes":""},"class_list":["post-3","page","type-page","status-publish","hentry"],"yoast_head":"<!-- This site is optimized with the Yoast SEO plugin v23.4 - https:\/\/yoast.com\/wordpress\/plugins\/seo\/ -->\n<title>Polityka prywatno\u015bci - kraa-kraa.com<\/title>\n<meta name=\"robots\" content=\"index, follow, max-snippet:-1, max-image-preview:large, max-video-preview:-1\" \/>\n<link rel=\"canonical\" href=\"https:\/\/kraa-kraa.com\/en\/polityka-prywatnosci\/\" \/>\n<meta property=\"og:locale\" content=\"en_GB\" \/>\n<meta property=\"og:type\" content=\"article\" \/>\n<meta property=\"og:title\" content=\"Polityka prywatno\u015bci - kraa-kraa.com\" \/>\n<meta property=\"og:description\" content=\"Polityka prywatno\u015bci \u00a0 Kim jeste\u015bmy Adres naszej strony internetowej to: kraa-kraa.com. Media Sugerowany tekst: Je\u015bli jeste\u015b zarejestrowanym u\u017cytkownikiem i wgrywasz na witryn\u0119 obrazki, powiniene\u015b unika\u0107 przesy\u0142ania obrazk\u00f3w z tagami EXIF lokalizacji. Odwiedzaj\u0105cy stron\u0119 mog\u0105 pobra\u0107 i odczyta\u0107 pe\u0142ne dane lokalizacyjne z obrazk\u00f3w w witrynie. Ciasteczka Sugerowany tekst: Je\u015bli skomentujesz co\u015b w witrynie, b\u0119dzie mo\u017cna wybra\u0107 [&hellip;]\" \/>\n<meta property=\"og:url\" content=\"https:\/\/kraa-kraa.com\/en\/polityka-prywatnosci\/\" \/>\n<meta property=\"og:site_name\" content=\"kraa-kraa.com\" \/>\n<meta property=\"article:publisher\" content=\"https:\/\/www.facebook.com\/AgnJaworek\/\" \/>\n<meta property=\"article:modified_time\" content=\"2026-01-02T13:33:55+00:00\" \/>\n<meta property=\"og:image\" content=\"https:\/\/kraa-kraa.com\/wp-content\/uploads\/2024\/05\/Kraa-Kraa_Zajawka_1.png\" \/>\n\t<meta property=\"og:image:width\" content=\"1920\" \/>\n\t<meta property=\"og:image:height\" content=\"1080\" \/>\n\t<meta property=\"og:image:type\" content=\"image\/png\" \/>\n<meta name=\"twitter:card\" content=\"summary_large_image\" \/>\n<meta name=\"twitter:label1\" content=\"Estimated reading time\" \/>\n\t<meta name=\"twitter:data1\" content=\"3 minutes\" \/>\n<script type=\"application\/ld+json\" class=\"yoast-schema-graph\">{\"@context\":\"https:\/\/schema.org\",\"@graph\":[{\"@type\":\"WebPage\",\"@id\":\"https:\/\/kraa-kraa.com\/polityka-prywatnosci\/\",\"url\":\"https:\/\/kraa-kraa.com\/polityka-prywatnosci\/\",\"name\":\"Polityka prywatno\u015bci - kraa-kraa.com\",\"isPartOf\":{\"@id\":\"https:\/\/kraa-kraa.com\/#website\"},\"datePublished\":\"2023-01-02T22:02:25+00:00\",\"dateModified\":\"2026-01-02T13:33:55+00:00\",\"breadcrumb\":{\"@id\":\"https:\/\/kraa-kraa.com\/polityka-prywatnosci\/#breadcrumb\"},\"inLanguage\":\"en-GB\",\"potentialAction\":[{\"@type\":\"ReadAction\",\"target\":[\"https:\/\/kraa-kraa.com\/polityka-prywatnosci\/\"]}]},{\"@type\":\"BreadcrumbList\",\"@id\":\"https:\/\/kraa-kraa.com\/polityka-prywatnosci\/#breadcrumb\",\"itemListElement\":[{\"@type\":\"ListItem\",\"position\":1,\"name\":\"Strona g\u0142\u00f3wna\",\"item\":\"https:\/\/kraa-kraa.com\/\"},{\"@type\":\"ListItem\",\"position\":2,\"name\":\"Polityka prywatno\u015bci\"}]},{\"@type\":\"WebSite\",\"@id\":\"https:\/\/kraa-kraa.com\/#website\",\"url\":\"https:\/\/kraa-kraa.com\/\",\"name\":\"kraa-kraa.com\",\"description\":\"\",\"publisher\":{\"@id\":\"https:\/\/kraa-kraa.com\/#organization\"},\"alternateName\":\"kraa-kraa.com\",\"potentialAction\":[{\"@type\":\"SearchAction\",\"target\":{\"@type\":\"EntryPoint\",\"urlTemplate\":\"https:\/\/kraa-kraa.com\/?s={search_term_string}\"},\"query-input\":{\"@type\":\"PropertyValueSpecification\",\"valueRequired\":true,\"valueName\":\"search_term_string\"}}],\"inLanguage\":\"en-GB\"},{\"@type\":\"Organization\",\"@id\":\"https:\/\/kraa-kraa.com\/#organization\",\"name\":\"KRAA \u2013 KRAA\",\"url\":\"https:\/\/kraa-kraa.com\/\",\"logo\":{\"@type\":\"ImageObject\",\"inLanguage\":\"en-GB\",\"@id\":\"https:\/\/kraa-kraa.com\/#\/schema\/logo\/image\/\",\"url\":\"https:\/\/kraa-kraa.com\/wp-content\/uploads\/2024\/05\/Kraa-Kraa_Zajawka_1.png\",\"contentUrl\":\"https:\/\/kraa-kraa.com\/wp-content\/uploads\/2024\/05\/Kraa-Kraa_Zajawka_1.png\",\"width\":1920,\"height\":1080,\"caption\":\"KRAA \u2013 KRAA\"},\"image\":{\"@id\":\"https:\/\/kraa-kraa.com\/#\/schema\/logo\/image\/\"},\"sameAs\":[\"https:\/\/www.facebook.com\/AgnJaworek\/\",\"https:\/\/www.instagram.com\/agnieszka_jaworek\/\"]}]}<\/script>\n<!-- \/ Yoast SEO plugin. -->","yoast_head_json":{"title":"Polityka prywatno\u015bci - kraa-kraa.com","robots":{"index":"index","follow":"follow","max-snippet":"max-snippet:-1","max-image-preview":"max-image-preview:large","max-video-preview":"max-video-preview:-1"},"canonical":"https:\/\/kraa-kraa.com\/en\/polityka-prywatnosci\/","og_locale":"en_GB","og_type":"article","og_title":"Polityka prywatno\u015bci - kraa-kraa.com","og_description":"Polityka prywatno\u015bci \u00a0 Kim jeste\u015bmy Adres naszej strony internetowej to: kraa-kraa.com. Media Sugerowany tekst: Je\u015bli jeste\u015b zarejestrowanym u\u017cytkownikiem i wgrywasz na witryn\u0119 obrazki, powiniene\u015b unika\u0107 przesy\u0142ania obrazk\u00f3w z tagami EXIF lokalizacji. Odwiedzaj\u0105cy stron\u0119 mog\u0105 pobra\u0107 i odczyta\u0107 pe\u0142ne dane lokalizacyjne z obrazk\u00f3w w witrynie. Ciasteczka Sugerowany tekst: Je\u015bli skomentujesz co\u015b w witrynie, b\u0119dzie mo\u017cna wybra\u0107 [&hellip;]","og_url":"https:\/\/kraa-kraa.com\/en\/polityka-prywatnosci\/","og_site_name":"kraa-kraa.com","article_publisher":"https:\/\/www.facebook.com\/AgnJaworek\/","article_modified_time":"2026-01-02T13:33:55+00:00","og_image":[{"width":1920,"height":1080,"url":"https:\/\/kraa-kraa.com\/wp-content\/uploads\/2024\/05\/Kraa-Kraa_Zajawka_1.png","type":"image\/png"}],"twitter_card":"summary_large_image","twitter_misc":{"Estimated reading time":"3 minutes"},"schema":{"@context":"https:\/\/schema.org","@graph":[{"@type":"WebPage","@id":"https:\/\/kraa-kraa.com\/polityka-prywatnosci\/","url":"https:\/\/kraa-kraa.com\/polityka-prywatnosci\/","name":"Polityka prywatno\u015bci - kraa-kraa.com","isPartOf":{"@id":"https:\/\/kraa-kraa.com\/#website"},"datePublished":"2023-01-02T22:02:25+00:00","dateModified":"2026-01-02T13:33:55+00:00","breadcrumb":{"@id":"https:\/\/kraa-kraa.com\/polityka-prywatnosci\/#breadcrumb"},"inLanguage":"en-GB","potentialAction":[{"@type":"ReadAction","target":["https:\/\/kraa-kraa.com\/polityka-prywatnosci\/"]}]},{"@type":"BreadcrumbList","@id":"https:\/\/kraa-kraa.com\/polityka-prywatnosci\/#breadcrumb","itemListElement":[{"@type":"ListItem","position":1,"name":"Strona g\u0142\u00f3wna","item":"https:\/\/kraa-kraa.com\/"},{"@type":"ListItem","position":2,"name":"Polityka prywatno\u015bci"}]},{"@type":"WebSite","@id":"https:\/\/kraa-kraa.com\/#website","url":"https:\/\/kraa-kraa.com\/","name":"kraa-kraa.com","description":"","publisher":{"@id":"https:\/\/kraa-kraa.com\/#organization"},"alternateName":"kraa-kraa.com","potentialAction":[{"@type":"SearchAction","target":{"@type":"EntryPoint","urlTemplate":"https:\/\/kraa-kraa.com\/?s={search_term_string}"},"query-input":{"@type":"PropertyValueSpecification","valueRequired":true,"valueName":"search_term_string"}}],"inLanguage":"en-GB"},{"@type":"Organization","@id":"https:\/\/kraa-kraa.com\/#organization","name":"KRAA \u2013 KRAA","url":"https:\/\/kraa-kraa.com\/","logo":{"@type":"ImageObject","inLanguage":"en-GB","@id":"https:\/\/kraa-kraa.com\/#\/schema\/logo\/image\/","url":"https:\/\/kraa-kraa.com\/wp-content\/uploads\/2024\/05\/Kraa-Kraa_Zajawka_1.png","contentUrl":"https:\/\/kraa-kraa.com\/wp-content\/uploads\/2024\/05\/Kraa-Kraa_Zajawka_1.png","width":1920,"height":1080,"caption":"KRAA \u2013 KRAA"},"image":{"@id":"https:\/\/kraa-kraa.com\/#\/schema\/logo\/image\/"},"sameAs":["https:\/\/www.facebook.com\/AgnJaworek\/","https:\/\/www.instagram.com\/agnieszka_jaworek\/"]}]}},"_links":{"self":[{"href":"https:\/\/kraa-kraa.com\/en\/wp-json\/wp\/v2\/pages\/3","targetHints":{"allow":["GET"]}}],"collection":[{"href":"https:\/\/kraa-kraa.com\/en\/wp-json\/wp\/v2\/pages"}],"about":[{"href":"https:\/\/kraa-kraa.com\/en\/wp-json\/wp\/v2\/types\/page"}],"author":[{"embeddable":true,"href":"https:\/\/kraa-kraa.com\/en\/wp-json\/wp\/v2\/users\/1"}],"replies":[{"embeddable":true,"href":"https:\/\/kraa-kraa.com\/en\/wp-json\/wp\/v2\/comments?post=3"}],"version-history":[{"count":6,"href":"https:\/\/kraa-kraa.com\/en\/wp-json\/wp\/v2\/pages\/3\/revisions"}],"predecessor-version":[{"id":768,"href":"https:\/\/kraa-kraa.com\/en\/wp-json\/wp\/v2\/pages\/3\/revisions\/768"}],"wp:attachment":[{"href":"https:\/\/kraa-kraa.com\/en\/wp-json\/wp\/v2\/media?parent=3"}],"curies":[{"name":"wp","href":"https:\/\/api.w.org\/{rel}","templated":true}]}}